{"id":1435,"date":"2024-09-02T13:32:30","date_gmt":"2024-09-02T13:32:30","guid":{"rendered":"https:\/\/jurafish-lake-fishing-phuket.com\/?page_id=1435"},"modified":"2024-11-20T11:28:33","modified_gmt":"2024-11-20T11:28:33","slug":"privacy-policy","status":"publish","type":"page","link":"http:\/\/jurafish-lake-fishing-phuket.com\/fr\/privacy-policy\/","title":{"rendered":"Donn\u00e9es personnelles"},"content":{"rendered":"<div class=\"wp-block-uagb-container uagb-block-25efe059 alignfull uagb-is-root-container\"><div class=\"uagb-container__shape uagb-container__shape-bottom uagb-container__invert\" data-negative=\"false\"><svg xmlns=\"https:\/\/www.w3.org\/2000\/svg\" viewbox=\"0 0 283.5 27.8\" preserveaspectratio=\"none\"><path class=\"uagb-container__shape-fill\" d=\"M283.5,9.7c0,0-7.3,4.3-14,4.6c-6.8,0.3-12.6,0-20.9-1.5c-11.3-2-33.1-10.1-44.7-5.7\ts-12.1,4.6-18,7.4c-6.6,3.2-20,9.6-36.6,9.3C131.6,23.5,99.5,7.2,86.3,8c-1.4,0.1-6.6,0.8-10.5,2c-3.8,1.2-9.4,3.8-17,4.7\tc-3.2,0.4-8.3,1.1-14.2,0.9c-1.5-0.1-6.3-0.4-12-1.6c-5.7-1.2-11-3.1-15.8-3.7C6.5,9.2,0,10.8,0,10.8V0h283.5V9.7z M260.8,11.3\tc-0.7-1-2-0.4-4.3-0.4c-2.3,0-6.1-1.2-5.8-1.1c0.3,0.1,3.1,1.5,6,1.9C259.7,12.2,261.4,12.3,260.8,11.3z M242.4,8.6\tc0,0-2.4-0.2-5.6-0.9c-3.2-0.8-10.3-2.8-15.1-3.5c-8.2-1.1-15.8,0-15.1,0.1c0.8,0.1,9.6-0.6,17.6,1.1c3.3,0.7,9.3,2.2,12.4,2.7\tC239.9,8.7,242.4,8.6,242.4,8.6z M185.2,8.5c1.7-0.7-13.3,4.7-18.5,6.1c-2.1,0.6-6.2,1.6-10,2c-3.9,0.4-8.9,0.4-8.8,0.5\tc0,0.2,5.8,0.8,11.2,0c5.4-0.8,5.2-1.1,7.6-1.6C170.5,14.7,183.5,9.2,185.2,8.5z M199.1,6.9c0.2,0-0.8-0.4-4.8,1.1\tc-4,1.5-6.7,3.5-6.9,3.7c-0.2,0.1,3.5-1.8,6.6-3C197,7.5,199,6.9,199.1,6.9z M283,6c-0.1,0.1-1.9,1.1-4.8,2.5s-6.9,2.8-6.7,2.7\tc0.2,0,3.5-0.6,7.4-2.5C282.8,6.8,283.1,5.9,283,6z M31.3,11.6c0.1-0.2-1.9-0.2-4.5-1.2s-5.4-1.6-7.8-2C15,7.6,7.3,8.5,7.7,8.6\tC8,8.7,15.9,8.3,20.2,9.3c2.2,0.5,2.4,0.5,5.7,1.6S31.2,11.9,31.3,11.6z M73,9.2c0.4-0.1,3.5-1.6,8.4-2.6c4.9-1.1,8.9-0.5,8.9-0.8\tc0-0.3-1-0.9-6.2-0.3S72.6,9.3,73,9.2z M71.6,6.7C71.8,6.8,75,5.4,77.3,5c2.3-0.3,1.9-0.5,1.9-0.6c0-0.1-1.1-0.2-2.7,0.2\tC74.8,5.1,71.4,6.6,71.6,6.7z M93.6,4.4c0.1,0.2,3.5,0.8,5.6,1.8c2.1,1,1.8,0.6,1.9,0.5c0.1-0.1-0.8-0.8-2.4-1.3\tC97.1,4.8,93.5,4.2,93.6,4.4z M65.4,11.1c-0.1,0.3,0.3,0.5,1.9-0.2s2.6-1.3,2.2-1.2s-0.9,0.4-2.5,0.8C65.3,10.9,65.5,10.8,65.4,11.1\tz M34.5,12.4c-0.2,0,2.1,0.8,3.3,0.9c1.2,0.1,2,0.1,2-0.2c0-0.3-0.1-0.5-1.6-0.4C36.6,12.8,34.7,12.4,34.5,12.4z M152.2,21.1\tc-0.1,0.1-2.4-0.3-7.5-0.3c-5,0-13.6-2.4-17.2-3.5c-3.6-1.1,10,3.9,16.5,4.1C150.5,21.6,152.3,21,152.2,21.1z\"><\/path><path class=\"uagb-container__shape-fill\" d=\"M269.6,18c-0.1-0.1-4.6,0.3-7.2,0c-7.3-0.7-17-3.2-16.6-2.9c0.4,0.3,13.7,3.1,17,3.3\tC267.7,18.8,269.7,18,269.6,18z\"><\/path><path class=\"uagb-container__shape-fill\" d=\"M227.4,9.8c-0.2-0.1-4.5-1-9.5-1.2c-5-0.2-12.7,0.6-12.3,0.5c0.3-0.1,5.9-1.8,13.3-1.2\tS227.6,9.9,227.4,9.8z\"><\/path><path class=\"uagb-container__shape-fill\" d=\"M204.5,13.4c-0.1-0.1,2-1,3.2-1.1c1.2-0.1,2,0,2,0.3c0,0.3-0.1,0.5-1.6,0.4\tC206.4,12.9,204.6,13.5,204.5,13.4z\"><\/path><path class=\"uagb-container__shape-fill\" d=\"M201,10.6c0-0.1-4.4,1.2-6.3,2.2c-1.9,0.9-6.2,3.1-6.1,3.1c0.1,0.1,4.2-1.6,6.3-2.6\tS201,10.7,201,10.6z\"><\/path><path class=\"uagb-container__shape-fill\" d=\"M154.5,26.7c-0.1-0.1-4.6,0.3-7.2,0c-7.3-0.7-17-3.2-16.6-2.9c0.4,0.3,13.7,3.1,17,3.3\tC152.6,27.5,154.6,26.8,154.5,26.7z\"><\/path><path class=\"uagb-container__shape-fill\" d=\"M41.9,19.3c0,0,1.2-0.3,2.9-0.1c1.7,0.2,5.8,0.9,8.2,0.7c4.2-0.4,7.4-2.7,7-2.6\tc-0.4,0-4.3,2.2-8.6,1.9c-1.8-0.1-5.1-0.5-6.7-0.4S41.9,19.3,41.9,19.3z\"><\/path><path class=\"uagb-container__shape-fill\" d=\"M75.5,12.6c0.2,0.1,2-0.8,4.3-1.1c2.3-0.2,2.1-0.3,2.1-0.5c0-0.1-1.8-0.4-3.4,0\tC76.9,11.5,75.3,12.5,75.5,12.6z\"><\/path><path class=\"uagb-container__shape-fill\" d=\"M15.6,13.2c0-0.1,4.3,0,6.7,0.5c2.4,0.5,5,1.9,5,2c0,0.1-2.7-0.8-5.1-1.4\tC19.9,13.7,15.7,13.3,15.6,13.2z\"><\/path><\/svg><\/div><div class=\"uagb-container-inner-blocks-wrap\">\n<div class=\"wp-block-uagb-advanced-heading uagb-block-152b2cf8\"><h1 class=\"uagb-heading-text\">Donn\u00e9es personnelles<\/h1><\/div>\n<\/div><\/div>\n\n\n\n<div class=\"wp-block-uagb-container uagb-block-ada1b635 alignfull uagb-is-root-container\"><div class=\"uagb-container-inner-blocks-wrap\">\n<div class=\"wp-block-uagb-advanced-heading uagb-block-85aae344\"><h3 class=\"uagb-heading-text\">D\u00e9finitions<\/h3><div class=\"uagb-separator\"><\/div><\/div>\n\n\n\n<p>Pour vous permettre de bien comprendre les termes utilis\u00e9s dans la Politique, nous avons \u00e9num\u00e9r\u00e9 ci-dessous certains des concepts utilis\u00e9s dans cette Politique tels qu'ils sont d\u00e9finis par la r\u00e9glementation applicable.<\/p>\n\n\n\n<ul class=\"wp-block-list has-black-color has-text-color has-link-color wp-elements-985d0dc7698350a3c4971050f446d721\">\n<li><strong>\u00ab Donn\u00e9es \u00e0 caract\u00e8re personnel \u00bb :<\/strong> toute information concernant une personne physique identifi\u00e9e ou identifiable ; est r\u00e9put\u00e9e identifiable une personne physique qui peut \u00eatre identifi\u00e9e, directement ou indirectement, notamment par r\u00e9f\u00e9rence \u00e0 un identifiant, tel qu'un nom, un num\u00e9ro d'identification, des donn\u00e9es de localisation, un identifiant en ligne, ou \u00e0 un ou plusieurs \u00e9l\u00e9ments sp\u00e9cifiques propres \u00e0 son identit\u00e9 physique, physiologique, g\u00e9n\u00e9tique, psychique, \u00e9conomique, culturelle ou sociale ;<br><\/li>\n\n\n\n<li><strong>\u00ab Traitement \u00bb :<\/strong> toute op\u00e9ration ou tout ensemble d'op\u00e9rations effectu\u00e9es ou non \u00e0 l'aide de proc\u00e9d\u00e9s automatis\u00e9s et appliqu\u00e9es \u00e0 des donn\u00e9es ou des ensembles de donn\u00e9es \u00e0 caract\u00e8re personnel, telles que la collecte, l'enregistrement, l'organisation, la structuration, la conservation, l'adaptation ou la modification, l'extraction, la consultation, l'utilisation, la communication par transmission, la diffusion ou toute autre forme de mise \u00e0 disposition, le recoupement de donn\u00e9es ou l'interconnexion, la limitation, l'effacement ou la destruction ;<br><\/li>\n\n\n\n<li><strong>\u00ab Donn\u00e9es \u00e0 caract\u00e8re personnel \u00bb : <\/strong>la personne physique ou morale, l'autorit\u00e9 publique, le service ou un autre organisme qui, seul ou conjointement avec d'autres, d\u00e9termine les finalit\u00e9s et les moyens du traitement ; lorsque les finalit\u00e9s et les moyens de ce traitement sont d\u00e9termin\u00e9s par le droit de l'Union ou par le droit d'un \u00c9tat membre, le responsable du traitement peut \u00eatre d\u00e9sign\u00e9 ou les crit\u00e8res sp\u00e9cifiques pour cette d\u00e9signation peuvent \u00eatre fix\u00e9s par le droit de l'Union ou par le droit d'un \u00c9tat membre ;<br><\/li>\n\n\n\n<li><strong>Le \u00ab sous-traitant \u00bb :<\/strong> la personne physique ou morale, l'autorit\u00e9 publique, le service ou un autre organisme qui traite des donn\u00e9es \u00e0 caract\u00e8re personnel pour le compte du responsable du traitement.<\/li>\n<\/ul>\n\n\n\n<p>Pour plus d'informations, vous pouvez consulter les textes suivants :<\/p>\n\n\n\n<ul class=\"wp-block-list\">\n<li>R\u00e8glement (UE) 2016\/679 du Parlement europ\u00e9en et du Conseil du 27 avril 2016 relatif \u00e0 la protection des personnes physiques \u00e0 l'\u00e9gard du traitement des donn\u00e9es \u00e0 caract\u00e8re personnel et \u00e0 la libre circulation de ces donn\u00e9es, <a href=\"https:\/\/eur-lex.europa.eu\/legal-content\/FR\/TXT\/?uri=CELEX%3A32016R0679\">\u00e0 l'adresse suivante<\/a>;<\/li>\n\n\n\n<li>la loi n\u00b0 78-17 du 6 janvier 1978 relative \u00e0 l'informatique, aux fichiers et aux libert\u00e9s \u00e0 <a href=\"https:\/\/www.legifrance.gouv.fr\/loda\/id\/JORFTEXT000000886460\/\">\u00e0 l'adresse suivante<\/a>.<\/li>\n<\/ul>\n<\/div><\/div>\n\n\n\n<div class=\"wp-block-uagb-container uagb-block-f60e35d2 alignfull uagb-is-root-container\"><div class=\"uagb-container-inner-blocks-wrap\">\n<div class=\"wp-block-uagb-advanced-heading uagb-block-2c031234\"><h3 class=\"uagb-heading-text\">Qui est responsable du traitement des donn\u00e9es personnelles ?<\/h3><div class=\"uagb-separator\"><\/div><\/div>\n\n\n\n<p>JuraFish Lake Co., LTD is responsible for all the personal data processing described in this policy.<\/p>\n<\/div><\/div>\n\n\n\n<div class=\"wp-block-uagb-container uagb-block-3b6da59a alignfull uagb-is-root-container\"><div class=\"uagb-container-inner-blocks-wrap\">\n<div class=\"wp-block-uagb-advanced-heading uagb-block-9a65aa82\"><h3 class=\"uagb-heading-text\">Quelles sont les donn\u00e9es collect\u00e9es ?<\/h3><div class=\"uagb-separator\"><\/div><\/div>\n\n\n\n<p>Les donn\u00e9es personnelles collect\u00e9es varient en fonction de la finalit\u00e9 de traitement concern\u00e9e.<br>Generally speaking, JuraFish Lake Co., LTD will mainly collect your identification data, and in particular :<\/p>\n\n\n\n<ul class=\"wp-block-list\">\n<li>Votre nom de famille<\/li>\n\n\n\n<li>Votre pr\u00e9nom<\/li>\n\n\n\n<li>Votre adresse \u00e9lectronique<\/li>\n\n\n\n<li>Votre num\u00e9ro de t\u00e9l\u00e9phone portable.<\/li>\n<\/ul>\n\n\n\n<p>However, it is possible that JuraFish Lake Co., LTD will mainly collect data for the proper functioning of the site or by using different partner modules (in particular google analytics). In the course of using the website, your IP address may also be collected depending on the option you chose for the storage of cookies, which requires your prior consent.<\/p>\n<\/div><\/div>\n\n\n\n<div class=\"wp-block-uagb-container uagb-block-4ad674a9 alignfull uagb-is-root-container\"><div class=\"uagb-container-inner-blocks-wrap\">\n<div class=\"wp-block-uagb-advanced-heading uagb-block-47bc40f6\"><h3 class=\"uagb-heading-text\">Combien de temps vos donn\u00e9es personnelles sont-elles conserv\u00e9es ?<\/h3><div class=\"uagb-separator\"><\/div><\/div>\n\n\n\n<p>Vos donn\u00e9es personnelles sont conserv\u00e9es pendant la dur\u00e9e de votre s\u00e9jour \u00e0 Jurafish lake fishing et sont ensuite archiv\u00e9es pour la dur\u00e9e n\u00e9cessaire au respect des obligations l\u00e9gales applicables avant d'\u00eatre d\u00e9finitivement d\u00e9truites. La dur\u00e9e d'archivage par d\u00e9faut est de cinq ans, conform\u00e9ment \u00e0 l'article L. 110-4 du Code de commerce.<\/p>\n<\/div><\/div>\n\n\n\n<div class=\"wp-block-uagb-container uagb-block-f81e150b alignfull uagb-is-root-container\"><div class=\"uagb-container-inner-blocks-wrap\">\n<div class=\"wp-block-uagb-advanced-heading uagb-block-548607bf\"><h3 class=\"uagb-heading-text\">Quelles mesures prenons-nous pour prot\u00e9ger vos donn\u00e9es personnelles ?<\/h3><div class=\"uagb-separator\"><\/div><\/div>\n\n\n\n<p>La protection de la vie priv\u00e9e et de la s\u00e9curit\u00e9 est d'une importance cruciale. Nous prenons les mesures appropri\u00e9es pour \u00e9liminer le risque de perte de donn\u00e9es et d'autres risques, assurer la s\u00e9curit\u00e9 en ligne, en tenant compte du risque que repr\u00e9sente le traitement et de la nature des donn\u00e9es \u00e0 prot\u00e9ger.\nNous limitons l'acc\u00e8s \u00e0 nos bases de donn\u00e9es contenant des donn\u00e9es \u00e0 caract\u00e8re personnel.<br>We limit access to our databases containing personal data<\/p>\n<\/div><\/div>\n\n\n\n<div class=\"wp-block-uagb-container uagb-block-df578d65 alignfull uagb-is-root-container\"><div class=\"uagb-container-inner-blocks-wrap\">\n<div class=\"wp-block-uagb-advanced-heading uagb-block-528a4156\"><h3 class=\"uagb-heading-text\">Quels sont les droits dont vous disposez sur vos donn\u00e9es personnelles ?<\/h3><div class=\"uagb-separator\"><\/div><\/div>\n\n\n\n<p class=\"has-black-color has-text-color has-link-color wp-elements-70c0cee92ac8031392ab221a2cc644af\"><strong>DPO (French data protection authority)<\/strong>, on behalf of JuraFish Lake Co., LTD is : Mr Sfer.<br>Vous pouvez contacter le DPD directement en utilisant le formulaire de contact fourni sur son site web, <a href=\"mailto:jurafishlake@gmail.com\">at the following add<\/a><a href=\"http:\/\/jurafish-lake-fishing-phuket.com\/fr\/contact\/\">ress<\/a>.<br><br>Conform\u00e9ment aux dispositions r\u00e9glementaires, vous disposez des droits suivants concernant vos donn\u00e9es personnelles :<br>Le droit d'acc\u00e8s \u00e0 vos donn\u00e9es personnelles (le droit d'obtenir une confirmation de Jurasfish lake fishing)<br><br>Pour exercer vos droits, vous pouvez faire une demande :<br><strong>Par courrier \u00e9lectronique<\/strong> \u00e0 l'adresse suivante <a href=\"mailto:jurafishlake@gmail.com\">Jurafishlake-phuket@gmail.com<\/a> ;<br><strong>Or by post<\/strong> to the following address: DPO JuraFish Lake Co., LTD, 32\/61, village number 2, Chalong, Mueang Phuket, Phuket Province Phuket THAILAND<\/p>\n<\/div><\/div>","protected":false},"excerpt":{"rendered":"<p>Privacy policy Definitions To allow you to fully understand the terms used in the Policy, we have listed below some of the concepts used in this Policy as they are defined by the applicable regulations. For more information, you can consult the following texts: Who is responsible for the processing of personal data? JuraFish Lake [&hellip;]<\/p>\n","protected":false},"author":1,"featured_media":0,"parent":0,"menu_order":0,"comment_status":"closed","ping_status":"closed","template":"","meta":{"_uag_custom_page_level_css":"","site-sidebar-layout":"no-sidebar","site-content-layout":"plain-container","ast-site-content-layout":"full-width-container","site-content-style":"unboxed","site-sidebar-style":"unboxed","ast-global-header-display":"","ast-banner-title-visibility":"","ast-main-header-display":"","ast-hfb-above-header-display":"","ast-hfb-below-header-display":"","ast-hfb-mobile-header-display":"","site-post-title":"disabled","ast-breadcrumbs-content":"","ast-featured-img":"disabled","footer-sml-layout":"","theme-transparent-header-meta":"enabled","adv-header-id-meta":"","stick-header-meta":"","header-above-stick-meta":"","header-main-stick-meta":"","header-below-stick-meta":"","astra-migrate-meta-layouts":"set","ast-page-background-enabled":"default","ast-page-background-meta":{"desktop":{"background-color":"","background-image":"","background-repeat":"repeat","background-position":"center center","background-size":"auto","background-attachment":"scroll","background-type":"","background-media":"","overlay-type":"","overlay-color":"","overlay-opacity":"","overlay-gradient":""},"tablet":{"background-color":"","background-image":"","background-repeat":"repeat","background-position":"center center","background-size":"auto","background-attachment":"scroll","background-type":"","background-media":"","overlay-type":"","overlay-color":"","overlay-opacity":"","overlay-gradient":""},"mobile":{"background-color":"","background-image":"","background-repeat":"repeat","background-position":"center center","background-size":"auto","background-attachment":"scroll","background-type":"","background-media":"","overlay-type":"","overlay-color":"","overlay-opacity":"","overlay-gradient":""}},"ast-content-background-meta":{"desktop":{"background-color":"var(--ast-global-color-5)","background-image":"","background-repeat":"repeat","background-position":"center center","background-size":"auto","background-attachment":"scroll","background-type":"","background-media":"","overlay-type":"","overlay-color":"","overlay-opacity":"","overlay-gradient":""},"tablet":{"background-color":"var(--ast-global-color-5)","background-image":"","background-repeat":"repeat","background-position":"center center","background-size":"auto","background-attachment":"scroll","background-type":"","background-media":"","overlay-type":"","overlay-color":"","overlay-opacity":"","overlay-gradient":""},"mobile":{"background-color":"var(--ast-global-color-5)","background-image":"","background-repeat":"repeat","background-position":"center center","background-size":"auto","background-attachment":"scroll","background-type":"","background-media":"","overlay-type":"","overlay-color":"","overlay-opacity":"","overlay-gradient":""}},"_joinchat":[],"footnotes":""},"class_list":["post-1435","page","type-page","status-publish","hentry"],"yoast_head":"<!-- This site is optimized with the Yoast SEO plugin v27.5 - https:\/\/yoast.com\/product\/yoast-seo-wordpress\/ -->\n<title>Privacy policy - Jurafish lake fishing Phuket<\/title>\n<meta name=\"robots\" content=\"index, follow, max-snippet:-1, max-image-preview:large, max-video-preview:-1\" \/>\n<link rel=\"canonical\" href=\"https:\/\/jurafish-lake-fishing-phuket.com\/fr\/privacy-policy\/\" \/>\n<meta property=\"og:locale\" content=\"fr_FR\" \/>\n<meta property=\"og:type\" content=\"article\" \/>\n<meta property=\"og:title\" content=\"Privacy policy - Jurafish lake fishing Phuket\" \/>\n<meta property=\"og:description\" content=\"Privacy policy Definitions To allow you to fully understand the terms used in the Policy, we have listed below some of the concepts used in this Policy as they are defined by the applicable regulations. For more information, you can consult the following texts: Who is responsible for the processing of personal data? JuraFish Lake [&hellip;]\" \/>\n<meta property=\"og:url\" content=\"https:\/\/jurafish-lake-fishing-phuket.com\/fr\/privacy-policy\/\" \/>\n<meta property=\"og:site_name\" content=\"Jurafish lake fishing Phuket\" \/>\n<meta property=\"article:publisher\" content=\"https:\/\/www.facebook.com\/profile.php?id=61567752297469\" \/>\n<meta property=\"article:modified_time\" content=\"2024-11-20T11:28:33+00:00\" \/>\n<meta property=\"og:image\" content=\"https:\/\/jurafish-lake-fishing-phuket.com\/wp-content\/uploads\/2024\/09\/Jurafish-Lake-Phuket-Fishing-big.webp\" \/>\n\t<meta property=\"og:image:width\" content=\"1200\" \/>\n\t<meta property=\"og:image:height\" content=\"675\" \/>\n\t<meta property=\"og:image:type\" content=\"image\/webp\" \/>\n<meta name=\"twitter:card\" content=\"summary_large_image\" \/>\n<meta name=\"twitter:label1\" content=\"Dur\u00e9e de lecture estim\u00e9e\" \/>\n\t<meta name=\"twitter:data1\" content=\"4 minutes\" \/>\n<script type=\"application\/ld+json\" class=\"yoast-schema-graph\">{\"@context\":\"https:\\\/\\\/schema.org\",\"@graph\":[{\"@type\":\"WebPage\",\"@id\":\"https:\\\/\\\/jurafish-lake-fishing-phuket.com\\\/privacy-policy\\\/\",\"url\":\"https:\\\/\\\/jurafish-lake-fishing-phuket.com\\\/privacy-policy\\\/\",\"name\":\"Privacy policy - Jurafish lake fishing Phuket\",\"isPartOf\":{\"@id\":\"https:\\\/\\\/jurafish-lake-fishing-phuket.com\\\/#website\"},\"datePublished\":\"2024-09-02T13:32:30+00:00\",\"dateModified\":\"2024-11-20T11:28:33+00:00\",\"breadcrumb\":{\"@id\":\"https:\\\/\\\/jurafish-lake-fishing-phuket.com\\\/privacy-policy\\\/#breadcrumb\"},\"inLanguage\":\"fr-FR\",\"potentialAction\":[{\"@type\":\"ReadAction\",\"target\":[\"https:\\\/\\\/jurafish-lake-fishing-phuket.com\\\/privacy-policy\\\/\"]}]},{\"@type\":\"BreadcrumbList\",\"@id\":\"https:\\\/\\\/jurafish-lake-fishing-phuket.com\\\/privacy-policy\\\/#breadcrumb\",\"itemListElement\":[{\"@type\":\"ListItem\",\"position\":1,\"name\":\"Accueil\",\"item\":\"https:\\\/\\\/jurafish-lake-fishing-phuket.com\\\/\"},{\"@type\":\"ListItem\",\"position\":2,\"name\":\"Privacy policy\"}]},{\"@type\":\"WebSite\",\"@id\":\"https:\\\/\\\/jurafish-lake-fishing-phuket.com\\\/#website\",\"url\":\"https:\\\/\\\/jurafish-lake-fishing-phuket.com\\\/\",\"name\":\"Jurafish lake fishing Phuket\",\"description\":\"Fishing big!\",\"publisher\":{\"@id\":\"https:\\\/\\\/jurafish-lake-fishing-phuket.com\\\/#organization\"},\"potentialAction\":[{\"@type\":\"SearchAction\",\"target\":{\"@type\":\"EntryPoint\",\"urlTemplate\":\"https:\\\/\\\/jurafish-lake-fishing-phuket.com\\\/?s={search_term_string}\"},\"query-input\":{\"@type\":\"PropertyValueSpecification\",\"valueRequired\":true,\"valueName\":\"search_term_string\"}}],\"inLanguage\":\"fr-FR\"},{\"@type\":\"Organization\",\"@id\":\"https:\\\/\\\/jurafish-lake-fishing-phuket.com\\\/#organization\",\"name\":\"Jurafish Lake Fishing Phuket\",\"url\":\"https:\\\/\\\/jurafish-lake-fishing-phuket.com\\\/\",\"logo\":{\"@type\":\"ImageObject\",\"inLanguage\":\"fr-FR\",\"@id\":\"https:\\\/\\\/jurafish-lake-fishing-phuket.com\\\/#\\\/schema\\\/logo\\\/image\\\/\",\"url\":\"https:\\\/\\\/jurafish-lake-fishing-phuket.com\\\/wp-content\\\/uploads\\\/2024\\\/10\\\/05-Fishing-phuket-1.webp\",\"contentUrl\":\"https:\\\/\\\/jurafish-lake-fishing-phuket.com\\\/wp-content\\\/uploads\\\/2024\\\/10\\\/05-Fishing-phuket-1.webp\",\"width\":500,\"height\":540,\"caption\":\"Jurafish Lake Fishing Phuket\"},\"image\":{\"@id\":\"https:\\\/\\\/jurafish-lake-fishing-phuket.com\\\/#\\\/schema\\\/logo\\\/image\\\/\"},\"sameAs\":[\"https:\\\/\\\/www.facebook.com\\\/profile.php?id=61567752297469\",\"https:\\\/\\\/www.instagram.com\\\/jurafishlake?igsh=MXZoOW1pcTZwMWh3bA==\"]}]}<\/script>\n<!-- \/ Yoast SEO plugin. -->","yoast_head_json":{"title":"Privacy policy - Jurafish lake fishing Phuket","robots":{"index":"index","follow":"follow","max-snippet":"max-snippet:-1","max-image-preview":"max-image-preview:large","max-video-preview":"max-video-preview:-1"},"canonical":"https:\/\/jurafish-lake-fishing-phuket.com\/fr\/privacy-policy\/","og_locale":"fr_FR","og_type":"article","og_title":"Privacy policy - Jurafish lake fishing Phuket","og_description":"Privacy policy Definitions To allow you to fully understand the terms used in the Policy, we have listed below some of the concepts used in this Policy as they are defined by the applicable regulations. For more information, you can consult the following texts: Who is responsible for the processing of personal data? JuraFish Lake [&hellip;]","og_url":"https:\/\/jurafish-lake-fishing-phuket.com\/fr\/privacy-policy\/","og_site_name":"Jurafish lake fishing Phuket","article_publisher":"https:\/\/www.facebook.com\/profile.php?id=61567752297469","article_modified_time":"2024-11-20T11:28:33+00:00","og_image":[{"width":1200,"height":675,"url":"https:\/\/jurafish-lake-fishing-phuket.com\/wp-content\/uploads\/2024\/09\/Jurafish-Lake-Phuket-Fishing-big.webp","type":"image\/webp"}],"twitter_card":"summary_large_image","twitter_misc":{"Dur\u00e9e de lecture estim\u00e9e":"4 minutes"},"schema":{"@context":"https:\/\/schema.org","@graph":[{"@type":"WebPage","@id":"https:\/\/jurafish-lake-fishing-phuket.com\/privacy-policy\/","url":"https:\/\/jurafish-lake-fishing-phuket.com\/privacy-policy\/","name":"Privacy policy - Jurafish lake fishing Phuket","isPartOf":{"@id":"https:\/\/jurafish-lake-fishing-phuket.com\/#website"},"datePublished":"2024-09-02T13:32:30+00:00","dateModified":"2024-11-20T11:28:33+00:00","breadcrumb":{"@id":"https:\/\/jurafish-lake-fishing-phuket.com\/privacy-policy\/#breadcrumb"},"inLanguage":"fr-FR","potentialAction":[{"@type":"ReadAction","target":["https:\/\/jurafish-lake-fishing-phuket.com\/privacy-policy\/"]}]},{"@type":"BreadcrumbList","@id":"https:\/\/jurafish-lake-fishing-phuket.com\/privacy-policy\/#breadcrumb","itemListElement":[{"@type":"ListItem","position":1,"name":"Accueil","item":"https:\/\/jurafish-lake-fishing-phuket.com\/"},{"@type":"ListItem","position":2,"name":"Privacy policy"}]},{"@type":"WebSite","@id":"https:\/\/jurafish-lake-fishing-phuket.com\/#website","url":"https:\/\/jurafish-lake-fishing-phuket.com\/","name":"Jurafish lake fishing Phuket","description":"Fishing big!","publisher":{"@id":"https:\/\/jurafish-lake-fishing-phuket.com\/#organization"},"potentialAction":[{"@type":"SearchAction","target":{"@type":"EntryPoint","urlTemplate":"https:\/\/jurafish-lake-fishing-phuket.com\/?s={search_term_string}"},"query-input":{"@type":"PropertyValueSpecification","valueRequired":true,"valueName":"search_term_string"}}],"inLanguage":"fr-FR"},{"@type":"Organization","@id":"https:\/\/jurafish-lake-fishing-phuket.com\/#organization","name":"Jurafish Lake Fishing Phuket","url":"https:\/\/jurafish-lake-fishing-phuket.com\/","logo":{"@type":"ImageObject","inLanguage":"fr-FR","@id":"https:\/\/jurafish-lake-fishing-phuket.com\/#\/schema\/logo\/image\/","url":"https:\/\/jurafish-lake-fishing-phuket.com\/wp-content\/uploads\/2024\/10\/05-Fishing-phuket-1.webp","contentUrl":"https:\/\/jurafish-lake-fishing-phuket.com\/wp-content\/uploads\/2024\/10\/05-Fishing-phuket-1.webp","width":500,"height":540,"caption":"Jurafish Lake Fishing Phuket"},"image":{"@id":"https:\/\/jurafish-lake-fishing-phuket.com\/#\/schema\/logo\/image\/"},"sameAs":["https:\/\/www.facebook.com\/profile.php?id=61567752297469","https:\/\/www.instagram.com\/jurafishlake?igsh=MXZoOW1pcTZwMWh3bA=="]}]}},"uagb_featured_image_src":{"full":false,"thumbnail":false,"medium":false,"medium_large":false,"large":false,"1536x1536":false,"2048x2048":false,"trp-custom-language-flag":false},"uagb_author_info":{"display_name":"Jurafif-AD24-Phuk","author_link":"http:\/\/jurafish-lake-fishing-phuket.com\/fr\/author\/jurafif-ad24-phuk\/"},"uagb_comment_info":0,"uagb_excerpt":"Privacy policy Definitions To allow you to fully understand the terms used in the Policy, we have listed below some of the concepts used in this Policy as they are defined by the applicable regulations. For more information, you can consult the following texts: Who is responsible for the processing of personal data? JuraFish Lake\u2026","_links":{"self":[{"href":"http:\/\/jurafish-lake-fishing-phuket.com\/fr\/wp-json\/wp\/v2\/pages\/1435","targetHints":{"allow":["GET"]}}],"collection":[{"href":"http:\/\/jurafish-lake-fishing-phuket.com\/fr\/wp-json\/wp\/v2\/pages"}],"about":[{"href":"http:\/\/jurafish-lake-fishing-phuket.com\/fr\/wp-json\/wp\/v2\/types\/page"}],"author":[{"embeddable":true,"href":"http:\/\/jurafish-lake-fishing-phuket.com\/fr\/wp-json\/wp\/v2\/users\/1"}],"replies":[{"embeddable":true,"href":"http:\/\/jurafish-lake-fishing-phuket.com\/fr\/wp-json\/wp\/v2\/comments?post=1435"}],"version-history":[{"count":18,"href":"http:\/\/jurafish-lake-fishing-phuket.com\/fr\/wp-json\/wp\/v2\/pages\/1435\/revisions"}],"predecessor-version":[{"id":2032,"href":"http:\/\/jurafish-lake-fishing-phuket.com\/fr\/wp-json\/wp\/v2\/pages\/1435\/revisions\/2032"}],"wp:attachment":[{"href":"http:\/\/jurafish-lake-fishing-phuket.com\/fr\/wp-json\/wp\/v2\/media?parent=1435"}],"curies":[{"name":"wp","href":"https:\/\/api.w.org\/{rel}","templated":true}]}}