{"id":1352,"date":"2024-09-02T10:32:57","date_gmt":"2024-09-02T10:32:57","guid":{"rendered":"https:\/\/jurafish-lake-fishing-phuket.com\/?page_id=1352"},"modified":"2025-09-12T11:01:33","modified_gmt":"2025-09-12T11:01:33","slug":"legal-notice","status":"publish","type":"page","link":"http:\/\/jurafish-lake-fishing-phuket.com\/fr\/legal-notice\/","title":{"rendered":"Mentions l\u00e9gales"},"content":{"rendered":"<div class=\"wp-block-uagb-container uagb-block-25efe059 alignfull uagb-is-root-container\"><div class=\"uagb-container__shape uagb-container__shape-bottom uagb-container__invert\" data-negative=\"false\"><svg xmlns=\"https:\/\/www.w3.org\/2000\/svg\" viewbox=\"0 0 283.5 27.8\" preserveaspectratio=\"none\"><path class=\"uagb-container__shape-fill\" d=\"M283.5,9.7c0,0-7.3,4.3-14,4.6c-6.8,0.3-12.6,0-20.9-1.5c-11.3-2-33.1-10.1-44.7-5.7\ts-12.1,4.6-18,7.4c-6.6,3.2-20,9.6-36.6,9.3C131.6,23.5,99.5,7.2,86.3,8c-1.4,0.1-6.6,0.8-10.5,2c-3.8,1.2-9.4,3.8-17,4.7\tc-3.2,0.4-8.3,1.1-14.2,0.9c-1.5-0.1-6.3-0.4-12-1.6c-5.7-1.2-11-3.1-15.8-3.7C6.5,9.2,0,10.8,0,10.8V0h283.5V9.7z M260.8,11.3\tc-0.7-1-2-0.4-4.3-0.4c-2.3,0-6.1-1.2-5.8-1.1c0.3,0.1,3.1,1.5,6,1.9C259.7,12.2,261.4,12.3,260.8,11.3z M242.4,8.6\tc0,0-2.4-0.2-5.6-0.9c-3.2-0.8-10.3-2.8-15.1-3.5c-8.2-1.1-15.8,0-15.1,0.1c0.8,0.1,9.6-0.6,17.6,1.1c3.3,0.7,9.3,2.2,12.4,2.7\tC239.9,8.7,242.4,8.6,242.4,8.6z M185.2,8.5c1.7-0.7-13.3,4.7-18.5,6.1c-2.1,0.6-6.2,1.6-10,2c-3.9,0.4-8.9,0.4-8.8,0.5\tc0,0.2,5.8,0.8,11.2,0c5.4-0.8,5.2-1.1,7.6-1.6C170.5,14.7,183.5,9.2,185.2,8.5z M199.1,6.9c0.2,0-0.8-0.4-4.8,1.1\tc-4,1.5-6.7,3.5-6.9,3.7c-0.2,0.1,3.5-1.8,6.6-3C197,7.5,199,6.9,199.1,6.9z M283,6c-0.1,0.1-1.9,1.1-4.8,2.5s-6.9,2.8-6.7,2.7\tc0.2,0,3.5-0.6,7.4-2.5C282.8,6.8,283.1,5.9,283,6z M31.3,11.6c0.1-0.2-1.9-0.2-4.5-1.2s-5.4-1.6-7.8-2C15,7.6,7.3,8.5,7.7,8.6\tC8,8.7,15.9,8.3,20.2,9.3c2.2,0.5,2.4,0.5,5.7,1.6S31.2,11.9,31.3,11.6z M73,9.2c0.4-0.1,3.5-1.6,8.4-2.6c4.9-1.1,8.9-0.5,8.9-0.8\tc0-0.3-1-0.9-6.2-0.3S72.6,9.3,73,9.2z M71.6,6.7C71.8,6.8,75,5.4,77.3,5c2.3-0.3,1.9-0.5,1.9-0.6c0-0.1-1.1-0.2-2.7,0.2\tC74.8,5.1,71.4,6.6,71.6,6.7z M93.6,4.4c0.1,0.2,3.5,0.8,5.6,1.8c2.1,1,1.8,0.6,1.9,0.5c0.1-0.1-0.8-0.8-2.4-1.3\tC97.1,4.8,93.5,4.2,93.6,4.4z M65.4,11.1c-0.1,0.3,0.3,0.5,1.9-0.2s2.6-1.3,2.2-1.2s-0.9,0.4-2.5,0.8C65.3,10.9,65.5,10.8,65.4,11.1\tz M34.5,12.4c-0.2,0,2.1,0.8,3.3,0.9c1.2,0.1,2,0.1,2-0.2c0-0.3-0.1-0.5-1.6-0.4C36.6,12.8,34.7,12.4,34.5,12.4z M152.2,21.1\tc-0.1,0.1-2.4-0.3-7.5-0.3c-5,0-13.6-2.4-17.2-3.5c-3.6-1.1,10,3.9,16.5,4.1C150.5,21.6,152.3,21,152.2,21.1z\"><\/path><path class=\"uagb-container__shape-fill\" d=\"M269.6,18c-0.1-0.1-4.6,0.3-7.2,0c-7.3-0.7-17-3.2-16.6-2.9c0.4,0.3,13.7,3.1,17,3.3\tC267.7,18.8,269.7,18,269.6,18z\"><\/path><path class=\"uagb-container__shape-fill\" d=\"M227.4,9.8c-0.2-0.1-4.5-1-9.5-1.2c-5-0.2-12.7,0.6-12.3,0.5c0.3-0.1,5.9-1.8,13.3-1.2\tS227.6,9.9,227.4,9.8z\"><\/path><path class=\"uagb-container__shape-fill\" d=\"M204.5,13.4c-0.1-0.1,2-1,3.2-1.1c1.2-0.1,2,0,2,0.3c0,0.3-0.1,0.5-1.6,0.4\tC206.4,12.9,204.6,13.5,204.5,13.4z\"><\/path><path class=\"uagb-container__shape-fill\" d=\"M201,10.6c0-0.1-4.4,1.2-6.3,2.2c-1.9,0.9-6.2,3.1-6.1,3.1c0.1,0.1,4.2-1.6,6.3-2.6\tS201,10.7,201,10.6z\"><\/path><path class=\"uagb-container__shape-fill\" d=\"M154.5,26.7c-0.1-0.1-4.6,0.3-7.2,0c-7.3-0.7-17-3.2-16.6-2.9c0.4,0.3,13.7,3.1,17,3.3\tC152.6,27.5,154.6,26.8,154.5,26.7z\"><\/path><path class=\"uagb-container__shape-fill\" d=\"M41.9,19.3c0,0,1.2-0.3,2.9-0.1c1.7,0.2,5.8,0.9,8.2,0.7c4.2-0.4,7.4-2.7,7-2.6\tc-0.4,0-4.3,2.2-8.6,1.9c-1.8-0.1-5.1-0.5-6.7-0.4S41.9,19.3,41.9,19.3z\"><\/path><path class=\"uagb-container__shape-fill\" d=\"M75.5,12.6c0.2,0.1,2-0.8,4.3-1.1c2.3-0.2,2.1-0.3,2.1-0.5c0-0.1-1.8-0.4-3.4,0\tC76.9,11.5,75.3,12.5,75.5,12.6z\"><\/path><path class=\"uagb-container__shape-fill\" d=\"M15.6,13.2c0-0.1,4.3,0,6.7,0.5c2.4,0.5,5,1.9,5,2c0,0.1-2.7-0.8-5.1-1.4\tC19.9,13.7,15.7,13.3,15.6,13.2z\"><\/path><\/svg><\/div><div class=\"uagb-container-inner-blocks-wrap\">\n<div class=\"wp-block-uagb-advanced-heading uagb-block-152b2cf8\"><h1 class=\"uagb-heading-text\">Mentions l\u00e9gales<\/h1><\/div>\n<\/div><\/div>\n\n\n\n<div class=\"wp-block-uagb-container uagb-block-ada1b635 alignfull uagb-is-root-container\"><div class=\"uagb-container-inner-blocks-wrap\">\n<div class=\"wp-block-uagb-advanced-heading uagb-block-85aae344\"><h4 class=\"uagb-heading-text\">\u00c9diteur<\/h4><div class=\"uagb-separator\"><\/div><\/div>\n\n\n\n<p>Le site jurafish-lake-fishing-phuket.com est un service de communication en ligne pour le public \u00e9dit\u00e9 par JuraFish Lake Co., LTD.<br>Il est h\u00e9berg\u00e9 par :<\/p>\n\n\n\n<p>1&amp;1 Internet SARL<br>Si\u00e8ge social : 1&amp;1 7, place de la Gare - 57200 Sarreguemines Cedex - 1&amp;1 IONOS Cloud Gmb Greifswalder Str. 207 - 10405 Berlin, Allemagne<br>Courriel : info@ionos.com (fr) info@cloud.ionos.de<br>Courriel : info@ionos.com (fr) info@cloud.ionos.de<\/p>\n\n\n\n<div class=\"wp-block-uagb-advanced-heading uagb-block-292f3619\"><h4 class=\"uagb-heading-text\">Nom de la soci\u00e9t\u00e9 et si\u00e8ge social<\/h4><div class=\"uagb-separator\"><\/div><\/div>\n\n\n\n<p>Ce site web est la propri\u00e9t\u00e9 de JuraFish Lake Co. LTD<br>JuraFish Lake Co. LTD<br>32\/61, village number 2, Chalong, Mueang Phuket, Province of Pukhet<br><br>Number company\u00a0: +66902131651<\/p>\n\n\n\n<div class=\"wp-block-uagb-advanced-heading uagb-block-126d6786\"><h4 class=\"uagb-heading-text\"><strong>Cr\u00e9dits<\/strong><\/h4><div class=\"uagb-separator\"><\/div><\/div>\n\n\n\n<p>Directeur des publications : <strong>Adrien Ferrero<\/strong><\/p>\n\n\n\n<div class=\"wp-block-uagb-advanced-heading uagb-block-26ac239a\"><h4 class=\"uagb-heading-text\">Photos<\/h4><div class=\"uagb-separator\"><\/div><\/div>\n\n\n\n<p>\u00a9JuraFish Lake Co., LTD<\/p>\n\n\n\n<div class=\"wp-block-uagb-advanced-heading uagb-block-902108f9\"><h4 class=\"uagb-heading-text\">Propri\u00e9t\u00e9 intellectuelle<\/h4><div class=\"uagb-separator\"><\/div><\/div>\n\n\n\n<p>JuraFish Lake Co. LTD se r\u00e9serve le droit de modifier les informations pr\u00e9sent\u00e9es sans pr\u00e9avis et sans \u00eatre tenu de mettre \u00e0 jour la pr\u00e9sente notice l\u00e9gale. Droits d'auteur :<\/p>\n\n\n\n<p>L'ensemble du contenu \u00e9ditorial et des illustrations (photographies, logos, pictogrammes, images, dessins, graphiques, etc.) de ce site est prot\u00e9g\u00e9 par la l\u00e9gislation fran\u00e7aise et les trait\u00e9s internationaux sur le droit d'auteur et la propri\u00e9t\u00e9 intellectuelle. Toute reproduction totale ou partielle de ce site par quelque proc\u00e9d\u00e9 que ce soit, sans l'autorisation expresse de l'association JuraFish Lake Co. est interdite et constituerait une contrefa\u00e7on sanctionn\u00e9e par les articles L335-2 et suivants du Code de la propri\u00e9t\u00e9 intellectuelle.<\/p>\n\n\n\n<p>Les informations concernant les services et leurs caract\u00e9ristiques sont correctes au moment de leur mise en ligne ou de la mise \u00e0 jour des diff\u00e9rentes pages web ; elles ne sont donn\u00e9es qu'\u00e0 titre indicatif et ne sauraient \u00eatre consid\u00e9r\u00e9es comme contractuelles.\nEn vous connectant au site Internet de JuraFish Lake Co, LTD, vous acceptez de vous conformer au code fran\u00e7ais de la propri\u00e9t\u00e9 intellectuelle et plus largement aux trait\u00e9s et accords internationaux comportant des dispositions relatives \u00e0 la protection des droits d'auteurs. Ainsi, vous ne pouvez : t\u00e9l\u00e9charger, reproduire int\u00e9gralement ou partiellement, vendre, distribuer, \u00e9mettre, publier et communiquer sous quelque forme que ce soit les donn\u00e9es ou les oeuvres prot\u00e9g\u00e9es par le droit d'auteur qui figurent sur le site de JuraFish Lake Co, LTD sans autorisation \u00e9crite particuli\u00e8re et pr\u00e9alable du titulaire du droit d'auteur attach\u00e9 \u00e0 l'oeuvre ou \u00e0 la donn\u00e9e reproduite.<br>By connecting to the JuraFish Lake Co., LTD, website, you accept to comply with the French intellectual property code and more broadly with international treaties and agreements that include provisions relating to copyright protection. Therefore, you may not: download, reproduce fully or partially, sell, distribute, issue, publish and communicate in any form whatsoever the data or works protected by copyright that appear on JuraFish Lake Co., LTD site without prior written authorisation from the owner of the copyright attached to the reproduced work or data.<\/p>\n\n\n\n<div class=\"wp-block-uagb-advanced-heading uagb-block-81e6b9e9\"><h4 class=\"uagb-heading-text\">Cookies<\/h4><div class=\"uagb-separator\"><\/div><\/div>\n\n\n\n<p>Nous utilisons des cookies pour assurer le bon fonctionnement du site et collecter des donn\u00e9es sur l'activit\u00e9 du site, notamment avec Google Analytics.<\/p>\n\n\n\n<div class=\"wp-block-uagb-advanced-heading uagb-block-0f073939\"><h4 class=\"uagb-heading-text\">Contenu int\u00e9gr\u00e9 d'autres sites web<\/h4><div class=\"uagb-separator\"><\/div><\/div>\n\n\n\n<p>Les articles de ce site peuvent contenir du contenu int\u00e9gr\u00e9 (par exemple des vid\u00e9os, des images, des articles, etc.). Le contenu int\u00e9gr\u00e9 provenant d'autres sites web se comporte exactement de la m\u00eame mani\u00e8re que si le visiteur avait visit\u00e9 l'autre site web.<\/p>\n\n\n\n<p>Ces sites web peuvent collecter des donn\u00e9es vous concernant, utiliser des cookies, int\u00e9grer un suivi suppl\u00e9mentaire par des tiers et surveiller votre interaction avec ce contenu int\u00e9gr\u00e9, y compris votre interaction avec le contenu int\u00e9gr\u00e9 si vous avez un compte et que vous \u00eates connect\u00e9 \u00e0 ce site web.<\/p>\n\n\n\n<div class=\"wp-block-uagb-advanced-heading uagb-block-bc82f29d\"><h4 class=\"uagb-heading-text\">Dur\u00e9e de conservation des donn\u00e9es<\/h4><div class=\"uagb-separator\"><\/div><\/div>\n\n\n\n<p>Nous collectons les cookies n\u00e9cessaires au bon fonctionnement du site et recueillons des donn\u00e9es sur l'activit\u00e9 du site.<\/p>\n\n\n\n<p>Si vous laissez un commentaire, celui-ci et ses m\u00e9tadonn\u00e9es sont conserv\u00e9s ind\u00e9finiment. Cela nous permet de reconna\u00eetre et d'approuver automatiquement les commentaires de suivi au lieu de les conserver dans une file d'attente de mod\u00e9ration.<\/p>\n\n\n\n<p>Pour les utilisateurs qui s'inscrivent sur notre site web (le cas \u00e9ch\u00e9ant), nous stockons \u00e9galement les informations personnelles qu'ils fournissent dans leur profil d'utilisateur. Tous les utilisateurs peuvent voir, modifier ou supprimer leurs informations personnelles \u00e0 tout moment (sauf qu'ils ne peuvent pas changer leur nom d'utilisateur). Les administrateurs du site web peuvent \u00e9galement consulter et modifier ces informations.<\/p>\n\n\n\n<div class=\"wp-block-uagb-advanced-heading uagb-block-a0ced1fc\"><h4 class=\"uagb-heading-text\">Quels sont les droits dont vous disposez sur vos donn\u00e9es ?<\/h4><div class=\"uagb-separator\"><\/div><\/div>\n\n\n\n<p>Si vous avez un compte sur ce site, ou si vous avez laiss\u00e9 des commentaires, vous pouvez demander \u00e0 recevoir un fichier export\u00e9 des donn\u00e9es personnelles que nous d\u00e9tenons \u00e0 votre sujet, y compris toutes les donn\u00e9es que vous nous avez fournies. Vous pouvez \u00e9galement nous demander d'effacer toutes les donn\u00e9es personnelles que nous d\u00e9tenons \u00e0 votre sujet. Cela n'inclut pas les donn\u00e9es que nous sommes oblig\u00e9s de conserver \u00e0 des fins administratives, juridiques ou de s\u00e9curit\u00e9.<\/p>\n<\/div><\/div>","protected":false},"excerpt":{"rendered":"<p>Legal notice Publisher jurafish-lake-fishing-phuket.com website is an online communication service for the public published by JuraFish Lake Co., LTD.It is hosted by: 1&amp;1 Internet SARLHead office: 1&amp;1 7, place de la Gare \u2013 57200 Sarreguemines Cedex \u2013 1&amp;1 IONOS Cloud Gmb Greifswalder Str. 207 \u2013 10405 Berlin, GermanyTelephone: 0970 808 911 (fr) +49 30 57700 [&hellip;]<\/p>\n","protected":false},"author":1,"featured_media":0,"parent":0,"menu_order":0,"comment_status":"closed","ping_status":"closed","template":"","meta":{"_uag_custom_page_level_css":"","site-sidebar-layout":"no-sidebar","site-content-layout":"plain-container","ast-site-content-layout":"full-width-container","site-content-style":"unboxed","site-sidebar-style":"unboxed","ast-global-header-display":"","ast-banner-title-visibility":"","ast-main-header-display":"","ast-hfb-above-header-display":"","ast-hfb-below-header-display":"","ast-hfb-mobile-header-display":"","site-post-title":"disabled","ast-breadcrumbs-content":"","ast-featured-img":"disabled","footer-sml-layout":"","theme-transparent-header-meta":"enabled","adv-header-id-meta":"","stick-header-meta":"","header-above-stick-meta":"","header-main-stick-meta":"","header-below-stick-meta":"","astra-migrate-meta-layouts":"set","ast-page-background-enabled":"default","ast-page-background-meta":{"desktop":{"background-color":"","background-image":"","background-repeat":"repeat","background-position":"center center","background-size":"auto","background-attachment":"scroll","background-type":"","background-media":"","overlay-type":"","overlay-color":"","overlay-opacity":"","overlay-gradient":""},"tablet":{"background-color":"","background-image":"","background-repeat":"repeat","background-position":"center center","background-size":"auto","background-attachment":"scroll","background-type":"","background-media":"","overlay-type":"","overlay-color":"","overlay-opacity":"","overlay-gradient":""},"mobile":{"background-color":"","background-image":"","background-repeat":"repeat","background-position":"center center","background-size":"auto","background-attachment":"scroll","background-type":"","background-media":"","overlay-type":"","overlay-color":"","overlay-opacity":"","overlay-gradient":""}},"ast-content-background-meta":{"desktop":{"background-color":"var(--ast-global-color-5)","background-image":"","background-repeat":"repeat","background-position":"center center","background-size":"auto","background-attachment":"scroll","background-type":"","background-media":"","overlay-type":"","overlay-color":"","overlay-opacity":"","overlay-gradient":""},"tablet":{"background-color":"var(--ast-global-color-5)","background-image":"","background-repeat":"repeat","background-position":"center center","background-size":"auto","background-attachment":"scroll","background-type":"","background-media":"","overlay-type":"","overlay-color":"","overlay-opacity":"","overlay-gradient":""},"mobile":{"background-color":"var(--ast-global-color-5)","background-image":"","background-repeat":"repeat","background-position":"center center","background-size":"auto","background-attachment":"scroll","background-type":"","background-media":"","overlay-type":"","overlay-color":"","overlay-opacity":"","overlay-gradient":""}},"_joinchat":[],"footnotes":""},"class_list":["post-1352","page","type-page","status-publish","hentry"],"yoast_head":"<!-- This site is optimized with the Yoast SEO plugin v27.5 - https:\/\/yoast.com\/product\/yoast-seo-wordpress\/ -->\n<title>Legal notice - Jurafish lake fishing Phuket<\/title>\n<meta name=\"robots\" content=\"index, follow, max-snippet:-1, max-image-preview:large, max-video-preview:-1\" \/>\n<link rel=\"canonical\" href=\"https:\/\/jurafish-lake-fishing-phuket.com\/fr\/legal-notice\/\" \/>\n<meta property=\"og:locale\" content=\"fr_FR\" \/>\n<meta property=\"og:type\" content=\"article\" \/>\n<meta property=\"og:title\" content=\"Legal notice - Jurafish lake fishing Phuket\" \/>\n<meta property=\"og:description\" content=\"Legal notice Publisher jurafish-lake-fishing-phuket.com website is an online communication service for the public published by JuraFish Lake Co., LTD.It is hosted by: 1&amp;1 Internet SARLHead office: 1&amp;1 7, place de la Gare \u2013 57200 Sarreguemines Cedex \u2013 1&amp;1 IONOS Cloud Gmb Greifswalder Str. 207 \u2013 10405 Berlin, GermanyTelephone: 0970 808 911 (fr) +49 30 57700 [&hellip;]\" \/>\n<meta property=\"og:url\" content=\"https:\/\/jurafish-lake-fishing-phuket.com\/fr\/legal-notice\/\" \/>\n<meta property=\"og:site_name\" content=\"Jurafish lake fishing Phuket\" \/>\n<meta property=\"article:publisher\" content=\"https:\/\/www.facebook.com\/profile.php?id=61567752297469\" \/>\n<meta property=\"article:modified_time\" content=\"2025-09-12T11:01:33+00:00\" \/>\n<meta property=\"og:image\" content=\"https:\/\/jurafish-lake-fishing-phuket.com\/wp-content\/uploads\/2024\/09\/Jurafish-Lake-Phuket-Fishing-big.webp\" \/>\n\t<meta property=\"og:image:width\" content=\"1200\" \/>\n\t<meta property=\"og:image:height\" content=\"675\" \/>\n\t<meta property=\"og:image:type\" content=\"image\/webp\" \/>\n<meta name=\"twitter:card\" content=\"summary_large_image\" \/>\n<meta name=\"twitter:label1\" content=\"Dur\u00e9e de lecture estim\u00e9e\" \/>\n\t<meta name=\"twitter:data1\" content=\"4 minutes\" \/>\n<script type=\"application\/ld+json\" class=\"yoast-schema-graph\">{\"@context\":\"https:\\\/\\\/schema.org\",\"@graph\":[{\"@type\":\"WebPage\",\"@id\":\"https:\\\/\\\/jurafish-lake-fishing-phuket.com\\\/legal-notice\\\/\",\"url\":\"https:\\\/\\\/jurafish-lake-fishing-phuket.com\\\/legal-notice\\\/\",\"name\":\"Legal notice - Jurafish lake fishing Phuket\",\"isPartOf\":{\"@id\":\"https:\\\/\\\/jurafish-lake-fishing-phuket.com\\\/#website\"},\"datePublished\":\"2024-09-02T10:32:57+00:00\",\"dateModified\":\"2025-09-12T11:01:33+00:00\",\"breadcrumb\":{\"@id\":\"https:\\\/\\\/jurafish-lake-fishing-phuket.com\\\/legal-notice\\\/#breadcrumb\"},\"inLanguage\":\"fr-FR\",\"potentialAction\":[{\"@type\":\"ReadAction\",\"target\":[\"https:\\\/\\\/jurafish-lake-fishing-phuket.com\\\/legal-notice\\\/\"]}]},{\"@type\":\"BreadcrumbList\",\"@id\":\"https:\\\/\\\/jurafish-lake-fishing-phuket.com\\\/legal-notice\\\/#breadcrumb\",\"itemListElement\":[{\"@type\":\"ListItem\",\"position\":1,\"name\":\"Accueil\",\"item\":\"https:\\\/\\\/jurafish-lake-fishing-phuket.com\\\/\"},{\"@type\":\"ListItem\",\"position\":2,\"name\":\"Legal notice\"}]},{\"@type\":\"WebSite\",\"@id\":\"https:\\\/\\\/jurafish-lake-fishing-phuket.com\\\/#website\",\"url\":\"https:\\\/\\\/jurafish-lake-fishing-phuket.com\\\/\",\"name\":\"Jurafish lake fishing Phuket\",\"description\":\"Fishing big!\",\"publisher\":{\"@id\":\"https:\\\/\\\/jurafish-lake-fishing-phuket.com\\\/#organization\"},\"potentialAction\":[{\"@type\":\"SearchAction\",\"target\":{\"@type\":\"EntryPoint\",\"urlTemplate\":\"https:\\\/\\\/jurafish-lake-fishing-phuket.com\\\/?s={search_term_string}\"},\"query-input\":{\"@type\":\"PropertyValueSpecification\",\"valueRequired\":true,\"valueName\":\"search_term_string\"}}],\"inLanguage\":\"fr-FR\"},{\"@type\":\"Organization\",\"@id\":\"https:\\\/\\\/jurafish-lake-fishing-phuket.com\\\/#organization\",\"name\":\"Jurafish Lake Fishing Phuket\",\"url\":\"https:\\\/\\\/jurafish-lake-fishing-phuket.com\\\/\",\"logo\":{\"@type\":\"ImageObject\",\"inLanguage\":\"fr-FR\",\"@id\":\"https:\\\/\\\/jurafish-lake-fishing-phuket.com\\\/#\\\/schema\\\/logo\\\/image\\\/\",\"url\":\"https:\\\/\\\/jurafish-lake-fishing-phuket.com\\\/wp-content\\\/uploads\\\/2024\\\/10\\\/05-Fishing-phuket-1.webp\",\"contentUrl\":\"https:\\\/\\\/jurafish-lake-fishing-phuket.com\\\/wp-content\\\/uploads\\\/2024\\\/10\\\/05-Fishing-phuket-1.webp\",\"width\":500,\"height\":540,\"caption\":\"Jurafish Lake Fishing Phuket\"},\"image\":{\"@id\":\"https:\\\/\\\/jurafish-lake-fishing-phuket.com\\\/#\\\/schema\\\/logo\\\/image\\\/\"},\"sameAs\":[\"https:\\\/\\\/www.facebook.com\\\/profile.php?id=61567752297469\",\"https:\\\/\\\/www.instagram.com\\\/jurafishlake?igsh=MXZoOW1pcTZwMWh3bA==\"]}]}<\/script>\n<!-- \/ Yoast SEO plugin. -->","yoast_head_json":{"title":"Legal notice - Jurafish lake fishing Phuket","robots":{"index":"index","follow":"follow","max-snippet":"max-snippet:-1","max-image-preview":"max-image-preview:large","max-video-preview":"max-video-preview:-1"},"canonical":"https:\/\/jurafish-lake-fishing-phuket.com\/fr\/legal-notice\/","og_locale":"fr_FR","og_type":"article","og_title":"Legal notice - Jurafish lake fishing Phuket","og_description":"Legal notice Publisher jurafish-lake-fishing-phuket.com website is an online communication service for the public published by JuraFish Lake Co., LTD.It is hosted by: 1&amp;1 Internet SARLHead office: 1&amp;1 7, place de la Gare \u2013 57200 Sarreguemines Cedex \u2013 1&amp;1 IONOS Cloud Gmb Greifswalder Str. 207 \u2013 10405 Berlin, GermanyTelephone: 0970 808 911 (fr) +49 30 57700 [&hellip;]","og_url":"https:\/\/jurafish-lake-fishing-phuket.com\/fr\/legal-notice\/","og_site_name":"Jurafish lake fishing Phuket","article_publisher":"https:\/\/www.facebook.com\/profile.php?id=61567752297469","article_modified_time":"2025-09-12T11:01:33+00:00","og_image":[{"width":1200,"height":675,"url":"https:\/\/jurafish-lake-fishing-phuket.com\/wp-content\/uploads\/2024\/09\/Jurafish-Lake-Phuket-Fishing-big.webp","type":"image\/webp"}],"twitter_card":"summary_large_image","twitter_misc":{"Dur\u00e9e de lecture estim\u00e9e":"4 minutes"},"schema":{"@context":"https:\/\/schema.org","@graph":[{"@type":"WebPage","@id":"https:\/\/jurafish-lake-fishing-phuket.com\/legal-notice\/","url":"https:\/\/jurafish-lake-fishing-phuket.com\/legal-notice\/","name":"Legal notice - Jurafish lake fishing Phuket","isPartOf":{"@id":"https:\/\/jurafish-lake-fishing-phuket.com\/#website"},"datePublished":"2024-09-02T10:32:57+00:00","dateModified":"2025-09-12T11:01:33+00:00","breadcrumb":{"@id":"https:\/\/jurafish-lake-fishing-phuket.com\/legal-notice\/#breadcrumb"},"inLanguage":"fr-FR","potentialAction":[{"@type":"ReadAction","target":["https:\/\/jurafish-lake-fishing-phuket.com\/legal-notice\/"]}]},{"@type":"BreadcrumbList","@id":"https:\/\/jurafish-lake-fishing-phuket.com\/legal-notice\/#breadcrumb","itemListElement":[{"@type":"ListItem","position":1,"name":"Accueil","item":"https:\/\/jurafish-lake-fishing-phuket.com\/"},{"@type":"ListItem","position":2,"name":"Legal notice"}]},{"@type":"WebSite","@id":"https:\/\/jurafish-lake-fishing-phuket.com\/#website","url":"https:\/\/jurafish-lake-fishing-phuket.com\/","name":"Jurafish lake fishing Phuket","description":"Fishing big!","publisher":{"@id":"https:\/\/jurafish-lake-fishing-phuket.com\/#organization"},"potentialAction":[{"@type":"SearchAction","target":{"@type":"EntryPoint","urlTemplate":"https:\/\/jurafish-lake-fishing-phuket.com\/?s={search_term_string}"},"query-input":{"@type":"PropertyValueSpecification","valueRequired":true,"valueName":"search_term_string"}}],"inLanguage":"fr-FR"},{"@type":"Organization","@id":"https:\/\/jurafish-lake-fishing-phuket.com\/#organization","name":"Jurafish Lake Fishing Phuket","url":"https:\/\/jurafish-lake-fishing-phuket.com\/","logo":{"@type":"ImageObject","inLanguage":"fr-FR","@id":"https:\/\/jurafish-lake-fishing-phuket.com\/#\/schema\/logo\/image\/","url":"https:\/\/jurafish-lake-fishing-phuket.com\/wp-content\/uploads\/2024\/10\/05-Fishing-phuket-1.webp","contentUrl":"https:\/\/jurafish-lake-fishing-phuket.com\/wp-content\/uploads\/2024\/10\/05-Fishing-phuket-1.webp","width":500,"height":540,"caption":"Jurafish Lake Fishing Phuket"},"image":{"@id":"https:\/\/jurafish-lake-fishing-phuket.com\/#\/schema\/logo\/image\/"},"sameAs":["https:\/\/www.facebook.com\/profile.php?id=61567752297469","https:\/\/www.instagram.com\/jurafishlake?igsh=MXZoOW1pcTZwMWh3bA=="]}]}},"uagb_featured_image_src":{"full":false,"thumbnail":false,"medium":false,"medium_large":false,"large":false,"1536x1536":false,"2048x2048":false,"trp-custom-language-flag":false},"uagb_author_info":{"display_name":"Jurafif-AD24-Phuk","author_link":"http:\/\/jurafish-lake-fishing-phuket.com\/fr\/author\/jurafif-ad24-phuk\/"},"uagb_comment_info":0,"uagb_excerpt":"Legal notice Publisher jurafish-lake-fishing-phuket.com website is an online communication service for the public published by JuraFish Lake Co., LTD.It is hosted by: 1&amp;1 Internet SARLHead office: 1&amp;1 7, place de la Gare \u2013 57200 Sarreguemines Cedex \u2013 1&amp;1 IONOS Cloud Gmb Greifswalder Str. 207 \u2013 10405 Berlin, GermanyTelephone: 0970 808 911 (fr) +49 30 57700\u2026","_links":{"self":[{"href":"http:\/\/jurafish-lake-fishing-phuket.com\/fr\/wp-json\/wp\/v2\/pages\/1352","targetHints":{"allow":["GET"]}}],"collection":[{"href":"http:\/\/jurafish-lake-fishing-phuket.com\/fr\/wp-json\/wp\/v2\/pages"}],"about":[{"href":"http:\/\/jurafish-lake-fishing-phuket.com\/fr\/wp-json\/wp\/v2\/types\/page"}],"author":[{"embeddable":true,"href":"http:\/\/jurafish-lake-fishing-phuket.com\/fr\/wp-json\/wp\/v2\/users\/1"}],"replies":[{"embeddable":true,"href":"http:\/\/jurafish-lake-fishing-phuket.com\/fr\/wp-json\/wp\/v2\/comments?post=1352"}],"version-history":[{"count":16,"href":"http:\/\/jurafish-lake-fishing-phuket.com\/fr\/wp-json\/wp\/v2\/pages\/1352\/revisions"}],"predecessor-version":[{"id":2319,"href":"http:\/\/jurafish-lake-fishing-phuket.com\/fr\/wp-json\/wp\/v2\/pages\/1352\/revisions\/2319"}],"wp:attachment":[{"href":"http:\/\/jurafish-lake-fishing-phuket.com\/fr\/wp-json\/wp\/v2\/media?parent=1352"}],"curies":[{"name":"wp","href":"https:\/\/api.w.org\/{rel}","templated":true}]}}